{"id":15,"date":"2013-10-22T07:20:48","date_gmt":"2013-10-22T06:20:48","guid":{"rendered":"http:\/\/www.homemaderie.fr\/?page_id=15"},"modified":"2014-10-26T23:45:49","modified_gmt":"2014-10-26T22:45:49","slug":"misses","status":"publish","type":"page","link":"https:\/\/www.homemaderie.fr\/?page_id=15","title":{"rendered":"Misses"},"content":{"rendered":"<p><em>Miss K<\/em><\/p>\n<p>J&rsquo;ai 32 ans, j&rsquo;habite \u00e0 Grenoble, je suis maman de deux adorables \u00ab\u00a0little miss\u00a0\u00bb. Je suis sage-femme la plupart du temps et couturi\u00e8re \u00e0 mes heures perdues si peu nombreuses&#8230;. Depuis ma plus tendre enfance, j&rsquo;adore les activit\u00e9s manuelles&#8230; vous vous rappelez, les bracelets br\u00e9siliens, les crocodiles en perles, etc&#8230; Je pensais que cette passion s&rsquo;arr\u00eaterait quand je serai grande mais bien au contraire, celle-ci s&rsquo;est d\u00e9ploy\u00e9e&#8230; Il faut dire que j&rsquo;ai \u00e9t\u00e9 bien inspir\u00e9e. Petite, je regardais ma grand-m\u00e8re tricoter des heures enti\u00e8res, puis j&rsquo;observais ma m\u00e8re coudre des d\u00e9guisements, r\u00e9parer nos v\u00eatements&#8230;<\/p>\n<p>Pendant mes \u00e9tudes de sage-femme, j&rsquo;ai r\u00e9appris \u00e0 tricoter gr\u00e2ce \u00e0 internet. Je m&rsquo;y suis vraiment mise lorsque mes amies ont commenc\u00e9 \u00e0 avoir des b\u00e9b\u00e9s et la couture est venue par la suite, naturellement. Toujours en me baladant sur internet, je suis tomb\u00e9 sur le tr\u00e8s joli site de Papillon &amp; Mandarine, puis, plus tard sur celui de Aime Comme Marie. Encourag\u00e9e par mon Amoureux Mister K, je me suis lanc\u00e9e lorsque ma premi\u00e8re fille est n\u00e9e&#8230; il y a 3 ans. Et maintenant, je ne m&rsquo;arr\u00eate plus!<\/p>\n<p>&nbsp;<\/p>\n<p><em>Miss Z<\/em><\/p>\n<p>&nbsp;<\/p>\n<p><em>HomeMaderie<\/em><\/p>\n<p>Ce blog est n\u00e9 de la rencontre de deux amies, les Miss K et Z. Elles bidouillaient chacune de leur c\u00f4t\u00e9 et ont commenc\u00e9 \u00e0 en parler. Puis les Little Miss K et Little Miss Z sont arriv\u00e9es, et l\u00e0, c\u2019est devenu du s\u00e9rieux: tricot, couture, d\u00e9co de chambre b\u00e9b\u00e9\u2026 Bref, des id\u00e9es, des id\u00e9es, des id\u00e9es elles en ont partag\u00e9. Et celle de faire quelque chose ensemble a trott\u00e9 dans leur t\u00eate, et puis de le partager, avec vous, comme beaucoup le font d\u00e9j\u00e0 et qui les inspire dans leurs trouvailles.<\/p>\n<p>&nbsp;<\/p>\n<p>Voil\u00e0, vous en savez un peu plus sur nous. Nous esp\u00e9rons que vous aurez autant de plaisir \u00e0 nous lire que nous en avons \u00e0 partager nos r\u00e9alisations. Si vous voulez nous contacter, nous laisser un petit message, c&rsquo;est \u00e0 cette adresse: <strong>contact@homemaderie.fr<\/strong><\/p>\n","protected":false},"excerpt":{"rendered":"<p>Miss K J&rsquo;ai 32 ans, j&rsquo;habite \u00e0 Grenoble, je suis maman de deux adorables \u00ab\u00a0little miss\u00a0\u00bb. Je suis sage-femme la plupart du temps et couturi\u00e8re \u00e0 mes heures perdues si peu nombreuses&#8230;. Depuis ma plus tendre enfance, j&rsquo;adore les activit\u00e9s manuelles&#8230; vous vous rappelez, les bracelets br\u00e9siliens, les crocodiles en perles, etc&#8230; Je pensais que [&hellip;]<\/p>\n","protected":false},"author":1,"featured_media":0,"parent":0,"menu_order":0,"comment_status":"open","ping_status":"open","template":"","meta":[],"_links":{"self":[{"href":"https:\/\/www.homemaderie.fr\/index.php?rest_route=\/wp\/v2\/pages\/15"}],"collection":[{"href":"https:\/\/www.homemaderie.fr\/index.php?rest_route=\/wp\/v2\/pages"}],"about":[{"href":"https:\/\/www.homemaderie.fr\/index.php?rest_route=\/wp\/v2\/types\/page"}],"author":[{"embeddable":true,"href":"https:\/\/www.homemaderie.fr\/index.php?rest_route=\/wp\/v2\/users\/1"}],"replies":[{"embeddable":true,"href":"https:\/\/www.homemaderie.fr\/index.php?rest_route=%2Fwp%2Fv2%2Fcomments&post=15"}],"version-history":[{"count":5,"href":"https:\/\/www.homemaderie.fr\/index.php?rest_route=\/wp\/v2\/pages\/15\/revisions"}],"predecessor-version":[{"id":1253,"href":"https:\/\/www.homemaderie.fr\/index.php?rest_route=\/wp\/v2\/pages\/15\/revisions\/1253"}],"wp:attachment":[{"href":"https:\/\/www.homemaderie.fr\/index.php?rest_route=%2Fwp%2Fv2%2Fmedia&parent=15"}],"curies":[{"name":"wp","href":"https:\/\/api.w.org\/{rel}","templated":true}]}}